{"id":211,"date":"2020-06-11T21:49:55","date_gmt":"2020-06-11T19:49:55","guid":{"rendered":"https:\/\/www.infamis.de\/plattenladen\/?post_type=product&#038;p=211"},"modified":"2020-06-15T12:37:38","modified_gmt":"2020-06-15T10:37:38","slug":"fake-rhapsody","status":"publish","type":"product","link":"https:\/\/www.infamis.de\/plattenladen\/produkt\/fake-rhapsody\/","title":{"rendered":"Fake Rhapsody"},"content":{"rendered":"<p>INFAMIS \u00fcberrascht mit einem beeindruckend und reifen Album namens \u201eFAKE RHAPSODY.\u201c ,&#8230; zwischen Nick Cave und Tom Waits entwickeln INFAMIS ihre eigene Definition vom D\u00fcster Pop. &#8230;um das zentrale \u00dcber Opus \u201eX-MAS PLAGIARISM\u201c finden sich Moritaten aus den regenfeuchten<span class=\"Apple-converted-space\">\u00a0<\/span><\/p>\n<p>Vorst\u00e4dten..kummervolle Liebesgeschichten, die alle ungl\u00fccklich enden. \u201eFAKE RHAPSODY\u201c ist traurig,<span class=\"Apple-converted-space\">\u00a0 <\/span>garantiert nicht tanzbar und um ihre volle Wirkung zu entwickeln braucht man Kummer, Zigarettenqualm und ein grauschwarzes Glimmen&#8230; .Mitteldeutsche Zeitung<\/p>\n<p>Infamis tragen mit sonorer Stimme zu sparsam-harmonischer Gitarre und Percussionsbegleitung ihre d\u00fcsteren Ansichten zur Lage vor.Das kann man ihnen nicht verwehren,zumal sie es mit Hingabe und Geschick durchf\u00fchren. Ich w\u00fcrd&#8217;s ja gern mit einem Etno-Etikett bekleben, aber wo ist Intellektualien?<\/p>\n<p><em>Trust<\/em><\/p>\n","protected":false},"excerpt":{"rendered":"<h2>Album-CD, 1996,\u00a0<b>Dark Empire \/ SPV<\/b><\/h2>\n[playlist artists=\"false\" images=\"false\" ids=\"213,215,216,217,218,219,220,221,222,223,224\"]\n","protected":false},"featured_media":212,"template":"","meta":[],"product_brand":[],"product_cat":[35,23,19],"product_tag":[],"class_list":{"0":"post-211","1":"product","2":"type-product","3":"status-publish","4":"has-post-thumbnail","6":"product_cat-album","7":"product_cat-cd","8":"product_cat-tontraeger","10":"first","11":"instock","12":"shipping-taxable","13":"purchasable","14":"product-type-simple"},"_links":{"self":[{"href":"https:\/\/www.infamis.de\/plattenladen\/wp-json\/wp\/v2\/product\/211","targetHints":{"allow":["GET"]}}],"collection":[{"href":"https:\/\/www.infamis.de\/plattenladen\/wp-json\/wp\/v2\/product"}],"about":[{"href":"https:\/\/www.infamis.de\/plattenladen\/wp-json\/wp\/v2\/types\/product"}],"wp:featuredmedia":[{"embeddable":true,"href":"https:\/\/www.infamis.de\/plattenladen\/wp-json\/wp\/v2\/media\/212"}],"wp:attachment":[{"href":"https:\/\/www.infamis.de\/plattenladen\/wp-json\/wp\/v2\/media?parent=211"}],"wp:term":[{"taxonomy":"product_brand","embeddable":true,"href":"https:\/\/www.infamis.de\/plattenladen\/wp-json\/wp\/v2\/product_brand?post=211"},{"taxonomy":"product_cat","embeddable":true,"href":"https:\/\/www.infamis.de\/plattenladen\/wp-json\/wp\/v2\/product_cat?post=211"},{"taxonomy":"product_tag","embeddable":true,"href":"https:\/\/www.infamis.de\/plattenladen\/wp-json\/wp\/v2\/product_tag?post=211"}],"curies":[{"name":"wp","href":"https:\/\/api.w.org\/{rel}","templated":true}]}}