{"id":158,"date":"2020-06-11T20:35:01","date_gmt":"2020-06-11T18:35:01","guid":{"rendered":"https:\/\/www.infamis.de\/plattenladen\/?post_type=product&#038;p=158"},"modified":"2020-06-15T12:38:22","modified_gmt":"2020-06-15T10:38:22","slug":"underground","status":"publish","type":"product","link":"https:\/\/www.infamis.de\/plattenladen\/produkt\/underground\/","title":{"rendered":"Underground"},"content":{"rendered":"<p>Eine Geschichte in 4 Liedern. Ein Mensch findet sich allein und durch die dunklen H\u00f6hleng\u00e4nge seiner Kindheit und Jugend auf die ersehnte Oberfl\u00e4che, um mutig &#8211; entt\u00e4uscht zur\u00fcck zukehren, eine bessere Hohlwelt zu bauen. Das Ende bleibt Dunkel, aber hat man denn eine Wahl: \u201eselbst die Erinnerung tut weh\/doch was hilft es hier zu stehen\/ und nicht zu wissen und schon gar nicht zu wollen\u201c. Stilistisch vielseitig zeigen sich die Dame und Herren. Vom geisterhaften Spagetti Western Walzer, \u00fcber Indie Bossa Nova mit Whistle Pipe und viel Kling Klang, seltsamen Rhythmen, R\u00f6hrenglocken, Banjo, Gitarren, Gitarren, Gitarren und sogar Pop bis zu einem Finale (mit Orgelgast: Tr\u00f6tsch), das sich diese Bezeichnung erarbeitet. Man h\u00f6rt eine Band schwitzen. Verpackt ist das Ganze ganz wunderbar in ein 16 seitiges Leporello der Genfer Malerin Uta Richter im 7 inch Format und wird dort in Gallerien gehandelt.<span class=\"Apple-converted-space\">\u00a0<\/span><\/p>\n<p>Halbe Sachen scheint es f\u00fcr Infamis aus Berlin nicht zu geben. Konzept hei\u00dft das Zauberwort und so erz\u00e4hlt \u201eUnderground\u201c von einem Menschen, der gollumgleich in unterirdischen H\u00f6hlen umherkriecht, das Licht f\u00fcrchtend und doch begehrend. Schlie\u00dflich wagt er den Weg an die Oberfl\u00e4che, um bald darauf desillusioniert zur\u00fcckzukehren und seinen \u201eAntiturm\u201c nur noch tiefer ins Erdreich zu graben. Dazu erklingt Country-Rock, der sich mal d\u00fcsterhaft, mal schwungvoll eng an den Handlungsstrang schmiegt. Somit ger\u00e4t \u201eUnderground\u201c, obendrein mit einem aufwendigen Artwork in Fettstiftoptik garniert, zu einem durchaus gelungenen, wenn auch ganz sch\u00f6n bedr\u00fcckenden Musikh\u00f6rspiel. 6 Bonbons\/uncle sallys<\/p>\n<p>genaugenommen d\u00fcrfte es keinen untergrund geben, auf dieser erde, die kein oben und unten kennt, die \u2013 im gegenteil \u2013 von einer freundlichen anziehungskraft zusammengehalten wird; da\u00df dennoch eine attraktive version von ihm existiert, verdanken wir den musikern von infamis, die mit ihrem werk underground neue geh\u00f6rg\u00e4nge in den dunklen \u00fcberbau der restmoderne graben, begleitet von klaren worten: \u00bbwir schaun an uns herunter und wir sind noch am leben doch es ist dunkel und wir k\u00f6nnen\u2019s gar nicht sehn\u00ab. das erste konzeptalbum der alternative-band aus berlin und umgebung steckt als cd in einem 7&#8243;-vinyl-format-cover, einem leporello, das auseinandergefaltet 1,44 meter mi\u00dft. versehen mit malerei von uta richter bilden die gesichter und k\u00f6rper in d\u00fcsteren ahnungen von r\u00e4umen eine authentische erweiterung zur musik, die zu beschreiben an dieser stelle keinen sinn erg\u00e4be; man mu\u00df sie wirklich h\u00f6ren!<em> ka pe (floppy myriapoda)<\/em><\/p>\n","protected":false},"excerpt":{"rendered":"<h2>Ep-CD, 2007, Fuego Records<\/h2>\n[playlist ids=\"153,155,156,157\"]\n","protected":false},"featured_media":159,"template":"","meta":[],"product_brand":[],"product_cat":[23,36,19],"product_tag":[],"class_list":{"0":"post-158","1":"product","2":"type-product","3":"status-publish","4":"has-post-thumbnail","6":"product_cat-cd","7":"product_cat-ep","8":"product_cat-tontraeger","10":"first","11":"instock","12":"shipping-taxable","13":"purchasable","14":"product-type-simple"},"_links":{"self":[{"href":"https:\/\/www.infamis.de\/plattenladen\/wp-json\/wp\/v2\/product\/158","targetHints":{"allow":["GET"]}}],"collection":[{"href":"https:\/\/www.infamis.de\/plattenladen\/wp-json\/wp\/v2\/product"}],"about":[{"href":"https:\/\/www.infamis.de\/plattenladen\/wp-json\/wp\/v2\/types\/product"}],"wp:featuredmedia":[{"embeddable":true,"href":"https:\/\/www.infamis.de\/plattenladen\/wp-json\/wp\/v2\/media\/159"}],"wp:attachment":[{"href":"https:\/\/www.infamis.de\/plattenladen\/wp-json\/wp\/v2\/media?parent=158"}],"wp:term":[{"taxonomy":"product_brand","embeddable":true,"href":"https:\/\/www.infamis.de\/plattenladen\/wp-json\/wp\/v2\/product_brand?post=158"},{"taxonomy":"product_cat","embeddable":true,"href":"https:\/\/www.infamis.de\/plattenladen\/wp-json\/wp\/v2\/product_cat?post=158"},{"taxonomy":"product_tag","embeddable":true,"href":"https:\/\/www.infamis.de\/plattenladen\/wp-json\/wp\/v2\/product_tag?post=158"}],"curies":[{"name":"wp","href":"https:\/\/api.w.org\/{rel}","templated":true}]}}